{"id":51,"date":"2019-08-26T07:36:43","date_gmt":"2019-08-26T07:36:43","guid":{"rendered":"http:\/\/cakstesmaja.com\/?page_id=51"},"modified":"2019-08-26T08:04:31","modified_gmt":"2019-08-26T08:04:31","slug":"home","status":"publish","type":"page","link":"http:\/\/cakstesmaja.com\/","title":{"rendered":""},"content":{"rendered":"\n<p class=\"has-background has-medium-font-size has-quinary-background-color\">Ir nodibin\u0101ts \u201eJ\u0101\u0146a \u010cakstes m\u0101jas\u201dfonds. T\u0101 m\u0113r\u0137is ir\nsaglab\u0101t Latvijas&nbsp; Valsts pirm\u0101\nprezidenta J\u0101\u0146a \u010cakstes piemi\u0146u, veicin\u0101t p\u0113tniec\u012bbu par prezidenta dz\u012bvi un\ndarbu, jo l\u012bdz \u0161impar to zin\u0101tnisku p\u0113t\u012bjumi ir gau\u017e\u0101m maz. T\u0101pat, v\u0113lamies\nveicin\u0101tdemokr\u0101tisk\u0101s v\u0113rt\u012bbas, un esamgatavi organiz\u0113t un atbalst\u012bt t\u0101dus pas\u0101kumus,\nizst\u0101des un diskusijas,kas t\u0101s stiprin\u0101tu.M\u0113s, \u010cakstes dzimta, v\u0113lamies,lai \u0161\u012b\nm\u0101ja ir \u201edz\u012bva\u201d sarun\u0101s par demokr\u0101tisku valsti. Aicin\u0101m, k\u013c\u016bt par fonda\np\u0101rst\u0101vi!B\u016bsim pateic\u012bgipar interesi un atbalstu!<\/p>\n","protected":false},"excerpt":{"rendered":"<p>Ir nodibin\u0101ts \u201eJ\u0101\u0146a \u010cakstes m\u0101jas\u201dfonds. T\u0101 m\u0113r\u0137is ir saglab\u0101t Latvijas&nbsp; Valsts pirm\u0101 prezidenta J\u0101\u0146a \u010cakstes piemi\u0146u, veicin\u0101t p\u0113tniec\u012bbu par prezidenta&hellip;<\/p>\n","protected":false},"author":1,"featured_media":0,"parent":0,"menu_order":0,"comment_status":"closed","ping_status":"closed","template":"","meta":{"footnotes":""},"class_list":["post-51","page","type-page","status-publish","hentry"],"_links":{"self":[{"href":"https:\/\/cakstesmaja.com\/index.php?rest_route=\/wp\/v2\/pages\/51","targetHints":{"allow":["GET"]}}],"collection":[{"href":"https:\/\/cakstesmaja.com\/index.php?rest_route=\/wp\/v2\/pages"}],"about":[{"href":"https:\/\/cakstesmaja.com\/index.php?rest_route=\/wp\/v2\/types\/page"}],"author":[{"embeddable":true,"href":"https:\/\/cakstesmaja.com\/index.php?rest_route=\/wp\/v2\/users\/1"}],"replies":[{"embeddable":true,"href":"https:\/\/cakstesmaja.com\/index.php?rest_route=%2Fwp%2Fv2%2Fcomments&post=51"}],"version-history":[{"count":8,"href":"https:\/\/cakstesmaja.com\/index.php?rest_route=\/wp\/v2\/pages\/51\/revisions"}],"predecessor-version":[{"id":70,"href":"https:\/\/cakstesmaja.com\/index.php?rest_route=\/wp\/v2\/pages\/51\/revisions\/70"}],"wp:attachment":[{"href":"https:\/\/cakstesmaja.com\/index.php?rest_route=%2Fwp%2Fv2%2Fmedia&parent=51"}],"curies":[{"name":"wp","href":"https:\/\/api.w.org\/{rel}","templated":true}]}}